{"id":590,"date":"2015-02-25T09:00:42","date_gmt":"2015-02-25T09:00:42","guid":{"rendered":"http:\/\/demo.wpcharming.com\/construction\/?page_id=590"},"modified":"2025-12-26T14:47:08","modified_gmt":"2025-12-26T11:47:08","slug":"subelerimiz","status":"publish","type":"page","link":"https:\/\/www.fatihvinc.com.tr\/en\/subelerimiz\/","title":{"rendered":"Our Branches"},"content":{"rendered":"[vc_row][vc_column width=&#8221;3\/4&#8243;][vc_row_inner css=&#8221;.vc_custom_1459579836371{border-top-width: 1px !important;border-right-width: 1px !important;border-bottom-width: 1px !important;border-left-width: 1px !important;border-left-color: #000000 !important;border-left-style: solid !important;border-right-color: #000000 !important;border-right-style: solid !important;border-top-color: #000000 !important;border-top-style: solid !important;border-bottom-color: #000000 !important;border-bottom-style: solid !important;border-radius: 1px !important;}&#8221;][vc_column_inner width=&#8221;1\/2&#8243;][vc_column_text]\n<h3><span style=\"color: #f37020;\">Gebze &#8211; Central Office<\/span><\/h3>\n<p><strong>Address :<\/strong><\/p>\n<address>Kirazp\u0131nar Mah. Gaffar Okkan Cad. No:17<br \/>\nGebze \/ KOCAEL\u0130<\/address>\n<p><strong>Phone\u00a0 :<\/strong> <a href=\"tel:+902626000034\">+90 (262) 600 00 34<\/a><br \/>\n<strong>Fax\u00a0 \u00a0 \u00a0 \u00a0:<\/strong>+90 (262) 643 30 62<br \/>\n<strong>GSM :<\/strong><a href=\"tel:+905395514529\">+90 (539) 551 45 29<\/a><br \/>\n<span style=\"color: #ffffff;\">&#8212;<\/span>[\/vc_column_text][\/vc_column_inner][vc_column_inner width=&#8221;1\/2&#8243;][vc_gmaps link=&#8221;#E-8_JTNDaWZyYW1lJTIwc3JjJTNEJTIyaHR0cHMlM0ElMkYlMkZ3d3cuZ29vZ2xlLmNvbSUyRm1hcHMlMkZlbWJlZCUzRnBiJTNEJTIxMW0xOCUyMTFtMTIlMjExbTMlMjExZDMwMTkuNTQ1NjQ4ODAzMzQyJTIxMmQyOS40NTQ3OTIzMTU2NzYwOTglMjEzZDQwLjgxNTk3NzAzOTE4NDM4JTIxMm0zJTIxMWYwJTIxMmYwJTIxM2YwJTIxM20yJTIxMWkxMDI0JTIxMmk3NjglMjE0ZjEzLjElMjEzbTMlMjExbTIlMjExczB4MTRjYjIwZDBiNzkwMTBmMSUyNTNBMHhlZWRhYjJiOGNjZTZmNTk3JTIxMnpSbUYwYVdnZ1ZtbHV3NmNnUVM3Rm5pNCUyMTVlMCUyMTNtMiUyMTFzdHIlMjEyc3RyJTIxNHYxNTMwMjgzMDIxMTI4JTIyJTIwd2lkdGglM0QlMjIzODElMjIlMjBoZWlnaHQlM0QlMjIyMzAlMjIlMjBmcmFtZWJvcmRlciUzRCUyMjAlMjIlMjBzdHlsZSUzRCUyMmJvcmRlciUzQTAlMjIlMjBhbGxvd2Z1bGxzY3JlZW4lM0UlM0MlMkZpZnJhbWUlM0U=&#8221;][\/vc_column_inner][\/vc_row_inner][vc_row_inner css=&#8221;.vc_custom_1459579853314{border-top-width: 1px !important;border-right-width: 1px !important;border-bottom-width: 1px !important;border-left-width: 1px !important;border-left-color: #000000 !important;border-left-style: solid !important;border-right-color: #000000 !important;border-right-style: solid !important;border-top-color: #000000 !important;border-top-style: solid !important;border-bottom-color: #000000 !important;border-bottom-style: solid !important;border-radius: 1px !important;}&#8221;][vc_column_inner width=&#8221;1\/2&#8243;][vc_column_text]\n<h3><span style=\"color: #f37020;\">\u0130stanbul Office<\/span><\/h3>\n<p><strong>Address :<\/strong><\/p>\n<address>\u00a0Ba\u015fak Mah. H\u00fcrriyet Bulvar\u0131 Bay\u0131nd\u0131rl\u0131k Konutlar\u0131 Yan\u0131 No:94<br \/>\nBa\u015fak\u015fehir \/ \u0130STANBUL<\/address>\n<p><strong>Phone\u00a0 :<\/strong> <a href=\"tel:+902124886608\">+90 (212) 488 66 09<\/a><br \/>\n<strong>Fax\u00a0 \u00a0 \u00a0 \u00a0:<\/strong>+90 (212) 488 66 11<br \/>\n<strong>Gsm\u00a0 \u00a0 \u00a0: <\/strong><a href=\"tel:05326918291\">+90 (532) 691 82 91<\/a><br \/>\n<span style=\"color: #ffffff;\">&#8212;<\/span>[\/vc_column_text][\/vc_column_inner][vc_column_inner width=&#8221;1\/2&#8243;][vc_gmaps link=&#8221;#E-8_JTNDaWZyYW1lJTIwc3JjJTNEJTIyaHR0cHMlM0ElMkYlMkZ3d3cuZ29vZ2xlLmNvbSUyRm1hcHMlMkZlbWJlZCUzRnBiJTNEJTIxMW0xOCUyMTFtMTIlMjExbTMlMjExZDMwMDYuMTEwNTE1OTcyMDE1NSUyMTJkMjguNzk0NDA4MTE1NDE3MiUyMTNkNDEuMTEwMjc3Mzc5MjkwNjE1JTIxMm0zJTIxMWYwJTIxMmYwJTIxM2YwJTIxM20yJTIxMWkxMDI0JTIxMmk3NjglMjE0ZjEzLjElMjEzbTMlMjExbTIlMjExczB4MCUyNTNBMHhlNzhlODc0NjQ1YTY1YjlhJTIxMnpSbUYwYVdnZ1ZtbHV3NmNnUVM3Rm5pNGdMU0RFc0hOMFlXNWlkV3clMjE1ZTAlMjEzbTIlMjExc3RyJTIxMnN0ciUyMTR2MTU4MTMyMzQ1NTc0MyUyMTVtMiUyMTFzdHIlMjEyc3RyJTIyJTIwd2lkdGglM0QlMjIzODElMjIlMjBoZWlnaHQlM0QlMjIyMzAlMjIlMjBmcmFtZWJvcmRlciUzRCUyMjAlMjIlMjBzdHlsZSUzRCUyMmJvcmRlciUzQTAlM0IlMjIlMjBhbGxvd2Z1bGxzY3JlZW4lM0QlMjIlMjIlM0UlM0MlMkZpZnJhbWUlM0U=&#8221;][\/vc_column_inner][\/vc_row_inner][vc_row_inner css=&#8221;.vc_custom_1459579853314{border-top-width: 1px !important;border-right-width: 1px !important;border-bottom-width: 1px !important;border-left-width: 1px !important;border-left-color: #000000 !important;border-left-style: solid !important;border-right-color: #000000 !important;border-right-style: solid !important;border-top-color: #000000 !important;border-top-style: solid !important;border-bottom-color: #000000 !important;border-bottom-style: solid !important;border-radius: 1px !important;}&#8221;][vc_column_inner width=&#8221;1\/2&#8243;][vc_column_text]\n<h3><span style=\"color: #f37020;\">Bursa Office<\/span><\/h3>\n<p><strong>Address :<\/strong><\/p>\n<address>\u00dcr\u00fcnl\u00fc Mah. \u00dcr\u00fcnl\u00fc Cad. No : 5\/4<br \/>\nN\u00fclifer \/ BURSA<\/address>\n<p><strong>Phone\u00a0 :<\/strong><a href=\"tel:+902244431313\">+90 (224) 443 13 13<\/a><br \/>\n<strong>Fax\u00a0 \u00a0 \u00a0 \u00a0:<\/strong>+90 (224) 254 84 36<br \/>\n<strong>Gsm\u00a0 \u00a0 \u00a0:<\/strong><a href=\"tel:05343593572\">+90 (534) 359 35 72<\/a><br \/>\n<span style=\"color: #ffffff;\">&#8212;<\/span>[\/vc_column_text][\/vc_column_inner][vc_column_inner width=&#8221;1\/2&#8243;][vc_gmaps link=&#8221;#E-8_JTNDaWZyYW1lJTIwc3JjJTNEJTIyaHR0cHMlM0ElMkYlMkZ3d3cuZ29vZ2xlLmNvbSUyRm1hcHMlMkZlbWJlZCUzRnBiJTNEJTIxMW0xOCUyMTFtMTIlMjExbTMlMjExZDMwNDYuNzc2NTU5ODgxNjM3NyUyMTJkMjkuMDU4ODUyMzE1Mzg5ODM1JTIxM2Q0MC4yMTQwMzI5NzkzODkyOTUlMjEybTMlMjExZjAlMjEyZjAlMjEzZjAlMjEzbTIlMjExaTEwMjQlMjEyaTc2OCUyMTRmMTMuMSUyMTNtMyUyMTFtMiUyMTFzMHgxNGNhM2UzYjAyZWM5YzJkJTI1M0EweGFiNmM2OTgwZDJhNDU5N2MlMjEyc0ZhdGloJTJCVmluJTI1QzMlMjVBNyUyQkEuJTI1QzUlMjU5RS4lMkItJTJCQnVyc2ElMjE1ZTAlMjEzbTIlMjExc3RyJTIxMnN0ciUyMTR2MTUzMDUxMjQ4OTU3OCUyMiUyMHdpZHRoJTNEJTIyMzgxJTIyJTIwaGVpZ2h0JTNEJTIyMjMwJTIyJTIwZnJhbWVib3JkZXIlM0QlMjIwJTIyJTIwc3R5bGUlM0QlMjJib3JkZXIlM0EwJTIyJTIwYWxsb3dmdWxsc2NyZWVuJTNFJTNDJTJGaWZyYW1lJTNF&#8221;][\/vc_column_inner][\/vc_row_inner][vc_row_inner css=&#8221;.vc_custom_1459579865512{border-top-width: 1px !important;border-right-width: 1px !important;border-bottom-width: 1px !important;border-left-width: 1px !important;border-left-color: #000000 !important;border-left-style: solid !important;border-right-color: #000000 !important;border-right-style: solid !important;border-top-color: #000000 !important;border-top-style: solid !important;border-bottom-color: #000000 !important;border-bottom-style: solid !important;border-radius: 1px !important;}&#8221;][vc_column_inner width=&#8221;1\/2&#8243;][vc_column_text]\n<h3><span style=\"color: #f37020;\">\u0130zmir Office<\/span><\/h3>\n<p><strong>Address :<\/strong><\/p>\n<address>Egemenlik Mah. 6016\/20 Sok. No:5 \u0131\u015f\u0131kkent<br \/>\n<em>Bornova \/ \u0130ZM\u0130R<\/em><\/address>\n<p><strong>Phone\u00a0 :<\/strong><a href=\"tel:+902328871104\">+90 (232)\u00a0 887 11 04<\/a><br \/>\n<strong>Fax\u00a0 \u00a0 \u00a0 \u00a0: <\/strong>+90 (232) 436 36 09<br \/>\n<strong>GSM :<\/strong><a href=\"tel:+905465187511\">+90 (538) 605 27 65<\/a><br \/>\n<span style=\"color: #ffffff;\">&#8212;<\/span>[\/vc_column_text][\/vc_column_inner][vc_column_inner width=&#8221;1\/2&#8243;][vc_gmaps link=&#8221;#E-8_JTNDaWZyYW1lJTIwc3JjJTNEJTIyaHR0cHMlM0ElMkYlMkZ3d3cuZ29vZ2xlLmNvbSUyRm1hcHMlMkZlbWJlZCUzRnBiJTNEJTIxMW0xOCUyMTFtMTIlMjExbTMlMjExZDMxMjYuMTU3NDU0MDI4MTM0JTIxMmQyNy4yMzU0MzkzMTUzMzYyMjYlMjEzZDM4LjQxNDcyNTk3OTY0ODExJTIxMm0zJTIxMWYwJTIxMmYwJTIxM2YwJTIxM20yJTIxMWkxMDI0JTIxMmk3NjglMjE0ZjEzLjElMjEzbTMlMjExbTIlMjExczB4MCUyNTNBMHg1ZTUxNmY5NWJhN2U4OWJkJTIxMnpSbUYwYVdnZ1ZtbHV3NmNnUVM3Rm5pNGdMU0RFc0hwdGFYSSUyMTVlMCUyMTNtMiUyMTFzdHIlMjEyc3RyJTIxNHYxNTMxNzQ4OTQ1Mjg3JTIyJTIwd2lkdGglM0QlMjIzODElMjIlMjBoZWlnaHQlM0QlMjIyMzAlMjIlMjBmcmFtZWJvcmRlciUzRCUyMjAlMjIlMjBzdHlsZSUzRCUyMmJvcmRlciUzQTAlMjIlMjBhbGxvd2Z1bGxzY3JlZW4lM0UlM0MlMkZpZnJhbWUlM0U=&#8221;][\/vc_column_inner][\/vc_row_inner][vc_row_inner css=&#8221;.vc_custom_1459579872291{border-top-width: 1px !important;border-right-width: 1px !important;border-bottom-width: 1px !important;border-left-width: 1px !important;border-left-color: #000000 !important;border-left-style: solid !important;border-right-color: #000000 !important;border-right-style: solid !important;border-top-color: #000000 !important;border-top-style: solid !important;border-bottom-color: #000000 !important;border-bottom-style: solid !important;border-radius: 1px !important;}&#8221;][vc_column_inner width=&#8221;1\/2&#8243;][vc_column_text]\n<h3><span style=\"color: #f37020;\">Ankara Office<\/span><\/h3>\n<p><strong>Address :<\/strong><\/p>\n<address>Saray mahallesi sezai karako\u00e7 caddesi No:36A\/9 Kahramankazan\/ANKARA<\/address>\n<p><strong>Phone\u00a0 :<\/strong><a href=\"tel:+903123860034\">+90\u00a0(312) 386 00 34<\/a><br \/>\n<strong>Fax\u00a0 \u00a0 \u00a0 \u00a0:\u00a0<\/strong>+90\u00a0(312) 386 00 30<br \/>\n<strong>GSM :\u00a0<\/strong><a href=\"tel:+905337290878\">+90 (530) 173 55 99<\/a><span style=\"color: #ffffff;\">&#8212;<\/span>[\/vc_column_text][\/vc_column_inner][vc_column_inner width=&#8221;1\/2&#8243;][vc_gmaps link=&#8221;#E-8_JTNDaWZyYW1lJTIwc3JjJTNEJTIyaHR0cHMlM0ElMkYlMkZ3d3cuZ29vZ2xlLmNvbSUyRm1hcHMlMkZlbWJlZCUzRnBiJTNEJTIxMW0xOCUyMTFtMTIlMjExbTMlMjExZDMwNTcuNjcyMjQyNjc1MTY3NiUyMTJkMzIuNzU2NDIyMzE1NjU3NTQlMjEzZDM5Ljk3MTA4MDA5MDU0NTMxJTIxMm0zJTIxMWYwJTIxMmYwJTIxM2YwJTIxM20yJTIxMWkxMDI0JTIxMmk3NjglMjE0ZjEzLjElMjEzbTMlMjExbTIlMjExczB4MTRkMzQ5ODkwZjgwYjkzZCUyNTNBMHg2NzVjYzUxN2U5ZGZmOWUwJTIxMnNGYXRpaCUyQlZpbiUyNUMzJTI1QTclMkJBLiUyNUM1JTI1OUUuJTJCLSUyQkFua2FyYSUyMTVlMCUyMTNtMiUyMTFzdHIlMjEyc3RyJTIxNHYxNTMwNTEyNjY2MDcxJTIyJTIwd2lkdGglM0QlMjIzODElMjIlMjBoZWlnaHQlM0QlMjIyMzAlMjIlMjBmcmFtZWJvcmRlciUzRCUyMjAlMjIlMjBzdHlsZSUzRCUyMmJvcmRlciUzQTAlMjIlMjBhbGxvd2Z1bGxzY3JlZW4lM0UlM0MlMkZpZnJhbWUlM0U=&#8221;][\/vc_column_inner][\/vc_row_inner][vc_row_inner css=&#8221;.vc_custom_1459579878809{border-top-width: 1px !important;border-right-width: 1px !important;border-bottom-width: 1px !important;border-left-width: 1px !important;border-left-color: #000000 !important;border-left-style: solid !important;border-right-color: #000000 !important;border-right-style: solid !important;border-top-color: #000000 !important;border-top-style: solid !important;border-bottom-color: #000000 !important;border-bottom-style: solid !important;border-radius: 1px !important;}&#8221;][vc_column_inner width=&#8221;1\/2&#8243;][vc_column_text]\n<h3><span style=\"color: #f37020;\">Tekirda\u011f Office<\/span><\/h3>\n<p><strong>Address :<\/strong><\/p>\n<address>\u00c7orlu yolu \u00fczeri 1. km \u00c7erkez Otomotiv Yan\u0131<br \/>\n\u00c7erkezk\u00f6y \/ TEK\u0130RDA\u011e<\/address>\n<p><strong>Phone\u00a0 :<\/strong><a href=\"tel:+902827251561\">+90 (282) 725 15 61<\/a><br \/>\n<strong>Fax\u00a0 \u00a0 \u00a0 \u00a0:<\/strong> +90 (282) 725 15 91<br \/>\n<strong>GSM :<\/strong><a href=\"tel:+905465187571\">+90 (546) 518 75 71<\/a><br \/>\n<span style=\"color: #ffffff;\">&#8212;<\/span>[\/vc_column_text][\/vc_column_inner][vc_column_inner width=&#8221;1\/2&#8243;][vc_gmaps link=&#8221;#E-8_JTNDaWZyYW1lJTIwc3JjJTNEJTIyaHR0cHMlM0ElMkYlMkZ3d3cuZ29vZ2xlLmNvbSUyRm1hcHMlMkZlbWJlZCUzRnBiJTNEJTIxMW0xOCUyMTFtMTIlMjExbTMlMjExZDI5OTguNjI3MDI2MDYzMDYwNCUyMTJkMjcuOTc3MjUyMjE1Njg1OTQ0JTIxM2Q0MS4yNzM0NTYxMTEwMTI3NSUyMTJtMyUyMTFmMCUyMTJmMCUyMTNmMCUyMTNtMiUyMTFpMTAyNCUyMTJpNzY4JTIxNGYxMy4xJTIxM20zJTIxMW0yJTIxMXMweDE0YjUyNjRlNDEyYWViYTklMjUzQTB4NTEwMjBiZjdmOTU4NzNmMiUyMTJ6Um1GMGFXZ2dWbWx1dzZjZ1FTN0ZuaTRnTFNCVVpXdHBjbVJoeEo4JTIxNWUwJTIxM20yJTIxMXN0ciUyMTJzdHIlMjE0djE1MzA1MTI4MzM5NjklMjIlMjB3aWR0aCUzRCUyMjM4MSUyMiUyMGhlaWdodCUzRCUyMjIzMCUyMiUyMGZyYW1lYm9yZGVyJTNEJTIyMCUyMiUyMHN0eWxlJTNEJTIyYm9yZGVyJTNBMCUyMiUyMGFsbG93ZnVsbHNjcmVlbiUzRSUzQyUyRmlmcmFtZSUzRQ==&#8221;][\/vc_column_inner][\/vc_row_inner][vc_row_inner css=&#8221;.vc_custom_1459579885331{border-top-width: 1px !important;border-right-width: 1px !important;border-bottom-width: 1px !important;border-left-width: 1px !important;border-left-color: #0a0000 !important;border-left-style: solid !important;border-right-color: #0a0000 !important;border-right-style: solid !important;border-top-color: #0a0000 !important;border-top-style: solid !important;border-bottom-color: #0a0000 !important;border-bottom-style: solid !important;border-radius: 1px !important;}&#8221;][vc_column_inner width=&#8221;1\/2&#8243;][vc_column_text]\n<h3><span style=\"color: #f37020;\">Eski\u015fehir Office<\/span><\/h3>\n<p><strong>Address :<\/strong><\/p>\n<address>Estim Toptanc\u0131lar Sitesi A Blok No:15<br \/>\nOdunpazar\u0131 \/ ESK\u0130\u015eEH\u0130R<\/address>\n<p><strong>Phone\u00a0 :<\/strong><a href=\"tel:+902222280538\">+90 (222) 228 05 38<\/a><br \/>\n<strong>Fax\u00a0 \u00a0 \u00a0 \u00a0:<\/strong>\u00a0&#8212;<br \/>\n<strong>GSM :<\/strong><a href=\"tel:+905345987627\">+90 (534) 598 76 27<\/a>&#8211;[\/vc_column_text][\/vc_column_inner][vc_column_inner width=&#8221;1\/2&#8243;][vc_gmaps link=&#8221;#E-8_JTNDaWZyYW1lJTIwc3JjJTNEJTIyaHR0cHMlM0ElMkYlMkZ3d3cuZ29vZ2xlLmNvbSUyRm1hcHMlMkZlbWJlZCUzRnBiJTNEJTIxMW0xOCUyMTFtMTIlMjExbTMlMjExZDMwNjcuNzQ4NTM2NDk0NTU4MyUyMTJkMzAuNjA2ODI3MzE1NjUyNzklMjEzZDM5Ljc0NTI5OTEwNDEyMjYzJTIxMm0zJTIxMWYwJTIxMmYwJTIxM2YwJTIxM20yJTIxMWkxMDI0JTIxMmk3NjglMjE0ZjEzLjElMjEzbTMlMjExbTIlMjExczB4MTRjYzNjMDRiMWNhZTkxZCUyNTNBMHhlN2VmNWYzNDQ5OGIyNGQyJTIxMnpSbUYwYVdnZ1ZtbHV3NmNnUVM3Rm5pNGdMU0JGYzJ0cHhaOWxhR2x5JTIxNWUwJTIxM20yJTIxMXN0ciUyMTJzdHIlMjE0djE1MzA1MTI5NDU1NjElMjIlMjB3aWR0aCUzRCUyMjM4MSUyMiUyMGhlaWdodCUzRCUyMjIzMCUyMiUyMGZyYW1lYm9yZGVyJTNEJTIyMCUyMiUyMHN0eWxlJTNEJTIyYm9yZGVyJTNBMCUyMiUyMGFsbG93ZnVsbHNjcmVlbiUzRSUzQyUyRmlmcmFtZSUzRQ==&#8221;][\/vc_column_inner][\/vc_row_inner][vc_row_inner css=&#8221;.vc_custom_1459579885331{border-top-width: 1px !important;border-right-width: 1px !important;border-bottom-width: 1px !important;border-left-width: 1px !important;border-left-color: #0a0000 !important;border-left-style: solid !important;border-right-color: #0a0000 !important;border-right-style: solid !important;border-top-color: #0a0000 !important;border-top-style: solid !important;border-bottom-color: #0a0000 !important;border-bottom-style: solid !important;border-radius: 1px !important;}&#8221;][vc_column_inner width=&#8221;1\/2&#8243;][vc_column_text]\n<h3><span style=\"color: #f37020;\">Gaziantep Office<\/span><\/h3>\n<p><strong>Address :<\/strong><\/p>\n<address>Ayd\u0131nlar Mahallesi 3071 cadde No : 14\/O<br \/>\n\u015eehitkamil \/ GAZ\u0130ANTEP<\/address>\n<p><strong>Phone\u00a0 : <\/strong><a href=\"tel:03425024052\">+90 (342)\u00a0502 40 52<\/a><br \/>\n<strong>Fax\u00a0 \u00a0 \u00a0 \u00a0:<\/strong>\u00a0&#8212;<br \/>\n<strong>Gsm\u00a0 \u00a0 \u00a0:<\/strong><a href=\"tel:05301735588\">+90 (530) 173 55 88<\/a><br \/>\n<span style=\"color: #ffffff;\">&#8212;<\/span>[\/vc_column_text][\/vc_column_inner][vc_column_inner width=&#8221;1\/2&#8243;][vc_gmaps link=&#8221;#E-8_JTNDaWZyYW1lJTIwc3JjJTNEJTIyaHR0cHMlM0ElMkYlMkZ3d3cuZ29vZ2xlLmNvbSUyRm1hcHMlMkZlbWJlZCUzRnBiJTNEJTIxMW0xOCUyMTFtMTIlMjExbTMlMjExZDMxODIuNDI0MTAxMzE2NDQ3NCUyMTJkMzcuNDA0OTI5NjE1Mjk4MTY1JTIxM2QzNy4wOTUwMjA5Nzk4ODg4OSUyMTJtMyUyMTFmMCUyMTJmMCUyMTNmMCUyMTNtMiUyMTFpMTAyNCUyMTJpNzY4JTIxNGYxMy4xJTIxM20zJTIxMW0yJTIxMXMweDAlMjUzQTB4NTYxNmZlYWE1YmI5MjBjZiUyMTJzRmF0aWglMjUyMFZpbiUyNUMzJTI1QTclMjUyMEEuJTI1QzUlMjU5RS4lMjUyMC0lMjUyMEdhemlhbnRlcCUyMTVlMCUyMTNtMiUyMTFzdHIlMjEyc3RyJTIxNHYxNTgwNDU4NjY5ODE3JTIxNW0yJTIxMXN0ciUyMTJzdHIlMjIlMjB3aWR0aCUzRCUyMjM4MSUyMiUyMGhlaWdodCUzRCUyMjIzMCUyMiUyMGZyYW1lYm9yZGVyJTNEJTIyMCUyMiUyMHN0eWxlJTNEJTIyYm9yZGVyJTNBMCUzQiUyMiUyMGFsbG93ZnVsbHNjcmVlbiUzRCUyMiUyMiUzRSUzQyUyRmlmcmFtZSUzRQ==&#8221;][\/vc_column_inner][\/vc_row_inner][vc_row_inner css=&#8221;.vc_custom_1459579885331{border-top-width: 1px !important;border-right-width: 1px !important;border-bottom-width: 1px !important;border-left-width: 1px !important;border-left-color: #0a0000 !important;border-left-style: solid !important;border-right-color: #0a0000 !important;border-right-style: solid !important;border-top-color: #0a0000 !important;border-top-style: solid !important;border-bottom-color: #0a0000 !important;border-bottom-style: solid !important;border-radius: 1px !important;}&#8221;][vc_column_inner width=&#8221;1\/2&#8243;][vc_column_text]\n<h3><span style=\"color: #f37020;\">Denizli &#8211; Office<\/span><\/h3>\n<p><strong>Address :<\/strong><\/p>\n<address>Hac\u0131 Ey\u00fcpl\u00fc Mah. 3162 Sok. No:26\/2-C<br \/>\nMerkezefendi \/ DEN\u0130ZL\u0130<\/address>\n<p><strong>Phone\u00a0 :<\/strong><a href=\"tel:+902585024220\">+90 (258) 502 42 20<\/a><br \/>\n<strong>GSM :<\/strong><a href=\"tel:+905373182349\">+90 (537) 318 23 49<\/a><br \/>\n<strong>E-Mail: <a href=\"mailto:denizli@fatihvinc.com.tr\">denizli@fatihvinc.com.tr<\/a><\/strong>[\/vc_column_text][\/vc_column_inner][vc_column_inner width=&#8221;1\/2&#8243;][vc_gmaps link=&#8221;#E-8_JTNDaWZyYW1lJTIwc3JjJTNEJTIyaHR0cHMlM0ElMkYlMkZ3d3cuZ29vZ2xlLmNvbSUyRm1hcHMlMkZlbWJlZCUzRnBiJTNEJTIxMW0xOCUyMTFtMTIlMjExbTMlMjExZDMxNTAuNjM5NjgwNDg2NTMzNSUyMTJkMjkuMDUzMzE4NSUyMTNkMzcuODQ1MzIwNCUyMTJtMyUyMTFmMCUyMTJmMCUyMTNmMCUyMTNtMiUyMTFpMTAyNCUyMTJpNzY4JTIxNGYxMy4xJTIxM20zJTIxMW0yJTIxMXMweDE0YzcxNTQ4ZGNlNWJjYTUlMjUzQTB4MTYzNDlkYmI4ZDRiYWIwZSUyMTJzRmF0aWglMjUyMFZpbiUyNUMzJTI1QTclMjUyMEEuJTI1QzUlMjU5RS4lMjUyMC0lMjUyMERlbml6bGklMjE1ZTAlMjEzbTIlMjExc3RyJTIxMnN0ciUyMTR2MTcxNDgyMDc1MTAzOSUyMTVtMiUyMTFzdHIlMjEyc3RyJTIyJTIwd2lkdGglM0QlMjIzODElMjIlMjBoZWlnaHQlM0QlMjIyMzAlMjIlMjBzdHlsZSUzRCUyMmJvcmRlciUzQTAlM0IlMjIlMjBhbGxvd2Z1bGxzY3JlZW4lM0QlMjIlMjIlMjBsb2FkaW5nJTNEJTIybGF6eSUyMiUyMHJlZmVycmVycG9saWN5JTNEJTIybm8tcmVmZXJyZXItd2hlbi1kb3duZ3JhZGUlMjIlM0UlM0MlMkZpZnJhbWUlM0U=&#8221;][\/vc_column_inner][\/vc_row_inner][vc_single_image image=&#8221;3056&#8243; img_size=&#8221;full&#8221; alignment=&#8221;center&#8221; style=&#8221;vc_box_shadow&#8221; onclick=&#8221;zoom&#8221;][\/vc_column][vc_column width=&#8221;1\/4&#8243; css=&#8221;.vc_custom_1547625544684{border-top-width: 1px !important;border-right-width: 1px !important;border-bottom-width: 1px !important;border-left-width: 1px !important;border-left-color: #444444 !important;border-left-style: solid !important;border-right-color: #444444 !important;border-right-style: solid !important;border-top-color: #444444 !important;border-top-style: solid !important;border-bottom-color: #444444 !important;border-bottom-style: solid !important;border-radius: 1px !important;}&#8221;][vc_column_text]<strong><ul id=\"menu-services-1\" class=\"menu\"><li class=\"menu-item menu-item-type-post_type menu-item-object-page menu-item-849\"><a href=\"https:\/\/www.fatihvinc.com.tr\/en\/kurumsal\/hakkimizda\/\">About Us<\/a><\/li>\n<li class=\"menu-item menu-item-type-post_type menu-item-object-page menu-item-848\"><a href=\"https:\/\/www.fatihvinc.com.tr\/en\/kurumsal\/degerlerimiz\/\">Our Values<\/a><\/li>\n<li class=\"menu-item menu-item-type-post_type menu-item-object-page menu-item-851\"><a href=\"https:\/\/www.fatihvinc.com.tr\/en\/kurumsal\/kalite-politikamiz\/\">Our Quality Policy<\/a><\/li>\n<li class=\"menu-item menu-item-type-post_type menu-item-object-page menu-item-852\"><a href=\"https:\/\/www.fatihvinc.com.tr\/en\/kurumsal\/basinda-biz\/\">Press Releases<\/a><\/li>\n<li class=\"menu-item menu-item-type-post_type menu-item-object-page menu-item-2753\"><a href=\"https:\/\/www.fatihvinc.com.tr\/en\/basin-kiti\/\">Press Kit<\/a><\/li>\n<li class=\"menu-item menu-item-type-post_type menu-item-object-page menu-item-2754\"><a href=\"https:\/\/www.fatihvinc.com.tr\/en\/urunlerimiz\/\">Our Products<\/a><\/li>\n<li class=\"menu-item menu-item-type-post_type menu-item-object-page menu-item-1258\"><a href=\"https:\/\/www.fatihvinc.com.tr\/en\/s-s-s\/\">Frequently asked Questions<\/a><\/li>\n<li class=\"menu-item menu-item-type-post_type menu-item-object-page current_page_parent menu-item-1257\"><a href=\"https:\/\/www.fatihvinc.com.tr\/en\/bizden-haberler\/\">News<\/a><\/li>\n<\/ul><\/strong>[\/vc_column_text][vc_btn title=&#8221;Get Offer&#8221; size=&#8221;lg&#8221; align=&#8221;center&#8221; link=&#8221;url:http%3A%2F%2Fwww.fatihvinc.com.tr%2Filetisim||&#8221;][\/vc_column][\/vc_row]","protected":false},"excerpt":{"rendered":"<p>[vc_row][vc_column width=&#8221;3\/4&#8243;][vc_row_inner css=&#8221;.vc_custom_1459579836371{border-top-width: 1px !important;border-right-width: 1px !important;border-bottom-width: 1px !important;border-left-width: 1px !important;border-left-color: #000000 !important;border-left-style: solid !important;border-right-color: #000000 !important;border-right-style: solid !important;border-top-color: #000000 !important;border-top-style: &#8230;<\/p>\n","protected":false},"author":1,"featured_media":0,"parent":0,"menu_order":0,"comment_status":"open","ping_status":"open","template":"","meta":{"footnotes":""},"class_list":["post-590","page","type-page","status-publish","hentry"],"_links":{"self":[{"href":"https:\/\/www.fatihvinc.com.tr\/en\/wp-json\/wp\/v2\/pages\/590","targetHints":{"allow":["GET"]}}],"collection":[{"href":"https:\/\/www.fatihvinc.com.tr\/en\/wp-json\/wp\/v2\/pages"}],"about":[{"href":"https:\/\/www.fatihvinc.com.tr\/en\/wp-json\/wp\/v2\/types\/page"}],"author":[{"embeddable":true,"href":"https:\/\/www.fatihvinc.com.tr\/en\/wp-json\/wp\/v2\/users\/1"}],"replies":[{"embeddable":true,"href":"https:\/\/www.fatihvinc.com.tr\/en\/wp-json\/wp\/v2\/comments?post=590"}],"version-history":[{"count":3,"href":"https:\/\/www.fatihvinc.com.tr\/en\/wp-json\/wp\/v2\/pages\/590\/revisions"}],"predecessor-version":[{"id":4118,"href":"https:\/\/www.fatihvinc.com.tr\/en\/wp-json\/wp\/v2\/pages\/590\/revisions\/4118"}],"wp:attachment":[{"href":"https:\/\/www.fatihvinc.com.tr\/en\/wp-json\/wp\/v2\/media?parent=590"}],"curies":[{"name":"wp","href":"https:\/\/api.w.org\/{rel}","templated":true}]}}