{"id":3747,"date":"2023-02-03T09:00:36","date_gmt":"2023-02-03T06:00:36","guid":{"rendered":"https:\/\/www.fatihvinc.com.tr\/?post_type=product&#038;p=3747"},"modified":"2025-05-15T11:36:05","modified_gmt":"2025-05-15T08:36:05","slug":"dingli-amwp-11-5-8100-dikey-platform","status":"publish","type":"product","link":"https:\/\/www.fatihvinc.com.tr\/en\/urunlerimiz\/dikey-platform\/1120-akulu-dikey-platformlar\/dingli-amwp-11-5-8100-dikey-platform\/","title":{"rendered":"Dingli AMWP 11.5"},"content":{"rendered":"<div class=\"su-table su-table-alternate\">\n<table class=\"table table-striped table-bordered\" width=\"550\">\n<tbody>\n<tr>\n<td width=\"292\">\u00c7al\u0131\u015fma Y\u00fcksekli\u011fi<\/td>\n<td width=\"258\">11.20 metre<\/td>\n<\/tr>\n<tr>\n<td width=\"292\">Platform Y\u00fcksekli\u011fi<\/td>\n<td width=\"258\">9.20 metre<\/td>\n<\/tr>\n<tr>\n<td width=\"292\">Kald\u0131rma Kapasitesi<\/td>\n<td width=\"258\">200 Kg.<\/td>\n<\/tr>\n<tr>\n<td width=\"292\">Yatay Eri\u015fim<\/td>\n<td width=\"258\">3.0 metre<\/td>\n<\/tr>\n<tr>\n<td width=\"292\">Kule D\u00f6n\u00fc\u015f<\/td>\n<td width=\"258\">345 derece<\/td>\n<\/tr>\n<tr>\n<td width=\"292\">Jib \u00c7al\u0131\u015fma Aral\u0131\u011f\u0131<\/td>\n<td width=\"258\">+70 ile -60 derece<\/td>\n<\/tr>\n<tr>\n<td width=\"292\">Platform \u00d6l\u00e7\u00fcleri<\/td>\n<td width=\"258\">0.62 x 0.87 metre<\/td>\n<\/tr>\n<tr>\n<td width=\"292\">Geni\u015flik<\/td>\n<td width=\"258\">1.0 metre<\/td>\n<\/tr>\n<tr>\n<td width=\"292\">Uzunluk<\/td>\n<td width=\"258\">2.72 metre<\/td>\n<\/tr>\n<tr>\n<td width=\"292\">Y\u00fckseklik<\/td>\n<td width=\"258\">1.99 metre<\/td>\n<\/tr>\n<tr>\n<td width=\"292\">Enerji<\/td>\n<td width=\"258\">24 V \/ 240 Ah<\/td>\n<\/tr>\n<tr>\n<td width=\"292\">Tekerlekler<\/td>\n<td width=\"258\">\u0130z yapmayan dolgu tip lastikler<\/td>\n<\/tr>\n<tr>\n<td width=\"292\">A\u011f\u0131rl\u0131k<\/td>\n<td width=\"258\">2.950 Kg.<\/td>\n<\/tr>\n<\/tbody>\n<\/table>\n<\/div>\n","protected":false},"excerpt":{"rendered":"<p><strong><span style=\"color: #f37020;\">Brand\u00a0 \u00a0 \u00a0 \u00a0 \u00a0: <\/span>Dingli<\/strong><br \/>\n<strong><span style=\"color: #f37020;\">Model \u00a0 \u00a0 \u00a0 \u00a0 :<\/span> AMWP 11.5<\/strong><\/p>\n<header>STANDARD FEATURES<br \/>\n* Proportional control valves<br \/>\n* Ability to walk at maximum height<br \/>\n* Horizontal access<br \/>\n* 345 degree turret rotation<br \/>\n* Auto Brake system<br \/>\n* Emergency download system<br \/>\n* Emergency stop button<br \/>\n* Strobe light warning lamp<br \/>\n* Fault coding panel<br \/>\n* Non-marking tires<br \/>\n* Tilt alarm<br \/>\n* Audible alert for all movementsOPTIONAL FEATURES<\/p>\n<p>* Overload sensor with alarm<br \/>\n* Power line up to the platform<\/p>\n<\/header>\n<p>[su_button url=\"http:\/\/www.fatihvinc.com.tr\/dingli--awp.pdf\" target=\"blank\" background=\"#f37020\" center=\"no\"]CATALOG[\/su_button] [su_button url=\"http:\/\/www.fatihvinc.com.tr\/en\/iletisim\" target=\"blank\" background=\"#f37020\" center=\"no\"]GET OFFER[\/su_button]<\/p>\n","protected":false},"featured_media":3748,"template":"","meta":[],"product_brand":[],"product_cat":[57,232],"product_tag":[144,924,923],"class_list":{"0":"post-3747","1":"product","2":"type-product","3":"status-publish","4":"has-post-thumbnail","6":"product_cat-dikey-platform","7":"product_cat-1120-akulu-dikey-platformlar","8":"product_tag-dikey-platform","9":"product_tag-dingli-amwp-11-5","10":"product_tag-dingli-dikey-platform","12":"first","13":"instock","14":"shipping-taxable","15":"product-type-simple"},"_links":{"self":[{"href":"https:\/\/www.fatihvinc.com.tr\/en\/wp-json\/wp\/v2\/product\/3747","targetHints":{"allow":["GET"]}}],"collection":[{"href":"https:\/\/www.fatihvinc.com.tr\/en\/wp-json\/wp\/v2\/product"}],"about":[{"href":"https:\/\/www.fatihvinc.com.tr\/en\/wp-json\/wp\/v2\/types\/product"}],"wp:featuredmedia":[{"embeddable":true,"href":"https:\/\/www.fatihvinc.com.tr\/en\/wp-json\/wp\/v2\/media\/3748"}],"wp:attachment":[{"href":"https:\/\/www.fatihvinc.com.tr\/en\/wp-json\/wp\/v2\/media?parent=3747"}],"wp:term":[{"taxonomy":"product_brand","embeddable":true,"href":"https:\/\/www.fatihvinc.com.tr\/en\/wp-json\/wp\/v2\/product_brand?post=3747"},{"taxonomy":"product_cat","embeddable":true,"href":"https:\/\/www.fatihvinc.com.tr\/en\/wp-json\/wp\/v2\/product_cat?post=3747"},{"taxonomy":"product_tag","embeddable":true,"href":"https:\/\/www.fatihvinc.com.tr\/en\/wp-json\/wp\/v2\/product_tag?post=3747"}],"curies":[{"name":"wp","href":"https:\/\/api.w.org\/{rel}","templated":true}]}}