{"id":3852,"date":"2025-02-20T15:20:37","date_gmt":"2025-02-20T12:20:37","guid":{"rendered":"https:\/\/www.fatihvinc.com.tr\/?post_type=product&#038;p=3852"},"modified":"2025-05-15T13:45:53","modified_gmt":"2025-05-15T10:45:53","slug":"sky-600kr-60-metre-arac-ustu-sepetli-platform","status":"publish","type":"product","link":"https:\/\/www.fatihvinc.com.tr\/en\/urunlerimiz\/arac-ustu-sepetli-platform\/sky-600kr-60-metre-arac-ustu-sepetli-platform\/","title":{"rendered":"(Turkish) 60 Metre Ara\u00e7 \u00dcst\u00fc Sepetli Platform"},"content":{"rendered":"<div class=\"su-table su-table-alternate\">\n<table style=\"height: 348px\" width=\"676\">\n<tbody>\n<tr>\n<td width=\"244\">Working Height<\/td>\n<td width=\"185\">14,20 m<\/td>\n<td width=\"244\">Lift Height<\/td>\n<td width=\"185\">12,20 m<\/td>\n<\/tr>\n<tr>\n<td width=\"244\">Lift Capacity<\/td>\n<td width=\"185\">365<\/td>\n<td width=\"244\">Weight<\/td>\n<td width=\"185\">5180<\/td>\n<\/tr>\n<tr>\n<td width=\"244\">Witdth<\/td>\n<td width=\"185\">1,76 m<\/td>\n<td width=\"244\">Length<\/td>\n<td width=\"185\">2,10 m<\/td>\n<\/tr>\n<tr>\n<td width=\"244\">Lift Dimensions<\/td>\n<td width=\"185\">1,60 x 2,80 m<\/td>\n<td width=\"244\">Lift Extension<\/td>\n<td width=\"185\">1,5 cm<\/td>\n<\/tr>\n<tr>\n<td width=\"244\">Platform Height<\/td>\n<td width=\"185\">1,60 m<\/td>\n<td width=\"244\">Shipping Size<\/td>\n<td width=\"185\">1,60 x 2,10 x 1,76 m<\/td>\n<\/tr>\n<tr>\n<td width=\"244\">Max Climbing Slope %<\/td>\n<td width=\"185\">35<\/td>\n<td width=\"244\">Power Source<\/td>\n<td width=\"185\">48 V, 390 Ah<\/td>\n<\/tr>\n<\/tbody>\n<\/table>\n<\/div>","protected":false},"excerpt":{"rendered":"<p><strong><span style=\"color: #f37020;\">Brand\u00a0 \u00a0 \u00a0 \u00a0 \u00a0: <\/span>SINOBOOM<\/strong><br \/>\n<strong><span style=\"color: #f37020;\">Model \u00a0 \u00a0 \u00a0 \u00a0 :<\/span> 1218RE<\/strong><\/p>\n<header>\n<header>[su_button url=\"http:\/\/www.fatihvinc.com.tr\/1218RE.pdf\" target=\"blank\" background=\"#f37020\" center=\"no\"]CATALOG[\/su_button] [su_button url=\"http:\/\/www.fatihvinc.com.tr\/en\/iletisim\" target=\"blank\" background=\"#f37020\" center=\"no\"]GET OFFER[\/su_button]<\/header>\n<\/header>\n","protected":false},"featured_media":3853,"template":"","meta":[],"product_brand":[],"product_cat":[953],"product_tag":[961,962,960,954],"class_list":{"0":"post-3852","1":"product","2":"type-product","3":"status-publish","4":"has-post-thumbnail","6":"product_cat-arac-ustu-sepetli-platform","7":"product_tag-60-metre-arac-ustu-platform","8":"product_tag-60-metre-manlift","9":"product_tag-60-metre-sepetli-platform","10":"product_tag-arac-ustu-sepetli-platform","12":"first","13":"instock","14":"shipping-taxable","15":"product-type-simple"},"_links":{"self":[{"href":"https:\/\/www.fatihvinc.com.tr\/en\/wp-json\/wp\/v2\/product\/3852","targetHints":{"allow":["GET"]}}],"collection":[{"href":"https:\/\/www.fatihvinc.com.tr\/en\/wp-json\/wp\/v2\/product"}],"about":[{"href":"https:\/\/www.fatihvinc.com.tr\/en\/wp-json\/wp\/v2\/types\/product"}],"wp:featuredmedia":[{"embeddable":true,"href":"https:\/\/www.fatihvinc.com.tr\/en\/wp-json\/wp\/v2\/media\/3853"}],"wp:attachment":[{"href":"https:\/\/www.fatihvinc.com.tr\/en\/wp-json\/wp\/v2\/media?parent=3852"}],"wp:term":[{"taxonomy":"product_brand","embeddable":true,"href":"https:\/\/www.fatihvinc.com.tr\/en\/wp-json\/wp\/v2\/product_brand?post=3852"},{"taxonomy":"product_cat","embeddable":true,"href":"https:\/\/www.fatihvinc.com.tr\/en\/wp-json\/wp\/v2\/product_cat?post=3852"},{"taxonomy":"product_tag","embeddable":true,"href":"https:\/\/www.fatihvinc.com.tr\/en\/wp-json\/wp\/v2\/product_tag?post=3852"}],"curies":[{"name":"wp","href":"https:\/\/api.w.org\/{rel}","templated":true}]}}